{"id":63,"date":"2023-09-22T21:14:00","date_gmt":"2023-09-22T21:14:00","guid":{"rendered":"https:\/\/empresarial.ufm.edu\/frealmadrid\/?page_id=63"},"modified":"2023-10-10T21:41:14","modified_gmt":"2023-10-10T21:41:14","slug":"oneday","status":"publish","type":"page","link":"https:\/\/empresarial.ufm.edu\/frealmadrid\/oneday\/","title":{"rendered":"Oneday"},"content":{"rendered":"\n\n\t<h1>ONEDAY<\/h1>\nValores deportivos aplicados al mundo empresarial\n<h2>\n\t\tONEDAY\n\t<\/h2>\n\t\t\t\t<img loading=\"lazy\" decoding=\"async\" src=\"https:\/\/empresarial.ufm.edu\/frealmadrid\/wp-content\/uploads\/2023\/09\/valores.jpg\" alt=\"valores\" itemprop=\"image\" height=\"100\" width=\"100\" title=\"valores\" onerror=\"this.style.display='none'\"  \/>\n<h4>\n\t\tVALORES\n\t<\/h4>\n\t<p>C\u00f3mo trabajamos\u00a0los valores en el\u00a0terreno de juego.\u200b<\/p>\n\t\t\t\t<img loading=\"lazy\" decoding=\"async\" src=\"https:\/\/empresarial.ufm.edu\/frealmadrid\/wp-content\/uploads\/2023\/09\/programa.jpg\" alt=\"programa\" itemprop=\"image\" height=\"100\" width=\"100\" title=\"programa\" onerror=\"this.style.display='none'\"  \/>\n<h4>\n\t\tPROGRAMA\n\t<\/h4>\n\t<p>Agenda de las\u00a0diferentes\u00a0actividades.<\/p>\n\t\t\t\t<img loading=\"lazy\" decoding=\"async\" src=\"https:\/\/empresarial.ufm.edu\/frealmadrid\/wp-content\/uploads\/2023\/09\/oneday.jpg\" alt=\"oneday\" itemprop=\"image\" height=\"100\" width=\"100\" title=\"oneday\" onerror=\"this.style.display='none'\"  \/>\n<h4>\n\t\tONEDAY EN LA EMPRESA\n\t<\/h4>\n\t<p>\u00bfD\u00f3nde conecta\u00a0el ONEDAY con\u00a0las iniciativas\u00a0internas?\u200b<\/p>\n\t\t\t\t<img loading=\"lazy\" decoding=\"async\" src=\"https:\/\/empresarial.ufm.edu\/frealmadrid\/wp-content\/uploads\/2023\/09\/beneficios.jpg\" alt=\"beneficios\" itemprop=\"image\" height=\"100\" width=\"100\" title=\"beneficios\" onerror=\"this.style.display='none'\"  \/>\n<h4>\n\t\tBENEFICIOS\n\t<\/h4>\n\t<p>\u00bfQu\u00e9 obtenemos\u00a0del ONEDAY?\u200b<\/p>\n\t\t\t\t<img loading=\"lazy\" decoding=\"async\" src=\"https:\/\/empresarial.ufm.edu\/frealmadrid\/wp-content\/uploads\/2023\/09\/personalizacion.jpg\" alt=\"personalizacion\" itemprop=\"image\" height=\"100\" width=\"100\" title=\"personalizacion\" onerror=\"this.style.display='none'\"  \/>\n<h4>\n\t\tPERSONALIZACI\u00d3N\n\t<\/h4>\n\t<p>Adapta el\u00a0ONEDAY a tu\u00a0realidad<\/p>\n\t\t\t\t<img loading=\"lazy\" decoding=\"async\" src=\"https:\/\/empresarial.ufm.edu\/frealmadrid\/wp-content\/uploads\/2023\/09\/valores.jpg\" alt=\"valores\" itemprop=\"image\" height=\"100\" width=\"100\" title=\"valores\" onerror=\"this.style.display='none'\"  \/>\n<h4>\n\t\t1. ONEDAY\n\t<\/h4>\n<h2>\n\t\tVALORES\n\t<\/h2>\n\t<ol>\n<li><b> Refuerzo de la \u00e9tica laboral:\u00a0<\/b>Incorporar los valores intr\u00ednsecos del deporte en la cultura de la empresa puede fortalecer la \u00e9tica laboral de sus empleados. Hablamos de valores como el compromiso, la responsabilidad, el esfuerzo y la humildad, que se traducen en una mayor dedicaci\u00f3n y rendimiento. \u200b<\/li>\n<li><b> Desarrollo de resiliencia y adaptabilidad:\u00a0<\/b>A trav\u00e9s del deporte,\u00a0sus empleados aprender\u00e1n a enfrentar sus desaf\u00edos, superar sus\u00a0miedos y adaptarse a situaciones cambiantes. Estas habilidades\u00a0son cruciales en el entorno empresarial actual, que exige una\u00a0r\u00e1pida adaptaci\u00f3n y la capacidad de resolver problemas\u00a0eficientemente.\u200b<\/li>\n<li><b> Estimulaci\u00f3n del compromiso y automotivaci\u00f3n:\u00a0<\/b>La pasi\u00f3n y la\u00a0dedicaci\u00f3n inherentes al deporte se pueden trasladar al\u00a0ambiente laboral. Esta actitud apasionada puede promover una\u00a0mayor automotivaci\u00f3n y compromiso entre los empleados,\u00a0elementos clave para el \u00e9xito y la productividad de cualquier\u00a0empresa.\u200b<\/li>\n<li><b> Fomento de una actitud positiva<\/b>: Las actividades deportivas\u00a0pueden ayudar a los equipos a cultivar una mentalidad positiva y\u00a0a disfrutar de su trabajo. Esto no solo mejora el ambiente de\u00a0trabajo, sino que tambi\u00e9n puede disminuir la resistencia a los\u00a0momentos de estr\u00e9s y dificultad.\u200b<\/li>\n<\/ol>\n\t<ol start=\"5\">\n<li><b> Est\u00edmulo a la creatividad y la innovaci\u00f3n:\u00a0<\/b>La implementaci\u00f3n de t\u00e9cnicas de gamificaci\u00f3n, inspiradas en el deporte, puede ser un poderoso est\u00edmulo para la creatividad y la innovaci\u00f3n entre su equipo. Una mentalidad m\u00e1s l\u00fadica puede conducir a soluciones m\u00e1s innovadoras y efectivas frente a los desaf\u00edos empresariales.<br \/>\n<\/li>\n<li><b> Desarrollo de un clima emocional saludable:\u00a0<\/b>Las actividades\u00a0deportivas contribuyen a desarrollar la inteligencia emocional,\u00a0fomentando tanto el bienestar f\u00edsico como el emocional. Este\u00a0bienestar integral se traduce en empleados m\u00e1s felices,\u00a0productivos y comprometidos con la empresa.\u200b<\/li>\n<li><b> Impulso a la construcci\u00f3n de ventajas competitivas:\u00a0<\/b>La pasi\u00f3n\u00a0por la estrategia y la capacidad de reinventarse, tan presente en\u00a0el deporte, puede ser vital para construir y mantener ventajas\u00a0competitivas en la empresa. Fomentar esta pasi\u00f3n puede ser el\u00a0impulso que su empresa necesita para destacar en el mercado.<\/li>\n<\/ol>\n<h2>\n\t\tDeporte y educaci\u00f3n, claves para el \u00e9xito en el \u00e1mbito empresarial y social.\n\t<\/h2>\n\t\t\t\t<img loading=\"lazy\" decoding=\"async\" src=\"https:\/\/empresarial.ufm.edu\/frealmadrid\/wp-content\/uploads\/2023\/09\/programa.png\" alt=\"programa\" itemprop=\"image\" height=\"100\" width=\"100\" title=\"programa\" onerror=\"this.style.display='none'\"  \/>\n<h4>\n\t\t2. ONEDAY\n\t<\/h4>\n<h2>\n\t\tPROGRAMA\n\t<\/h2>\n\t<p>Bienvenida y visita guiada\u200b<\/p>\n<p>Vestuarios y acceso al terreno de juego\u200b<\/p>\n<p>Experiencia ONEDAY: competencias en el terreno de juego\u200b<\/p>\n<p>Vestuarios y acceso a la sala\u200b<\/p>\nAprendizajes observados en el terreno de juego\u00a0<br \/>\n\n<p>Entrenando competencias en un contexto empresarial\u00a0<\/p>\n\t\t\t\t<img loading=\"lazy\" decoding=\"async\" src=\"https:\/\/empresarial.ufm.edu\/frealmadrid\/wp-content\/uploads\/2023\/09\/UNIVERSIDAD-FRANCISCO-MARROQUIN-UFM-CAMPUS-MADRID-FUNDACION-REAL-MADRID-23.jpg\" alt=\"UNIVERSIDAD-FRANCISCO-MARROQUIN-UFM-CAMPUS-MADRID-FUNDACION-REAL-MADRID-23\" itemprop=\"image\" height=\"675\" width=\"900\" title=\"UNIVERSIDAD-FRANCISCO-MARROQUIN-UFM-CAMPUS-MADRID-FUNDACION-REAL-MADRID-23\" onerror=\"this.style.display='none'\"  \/>\n\t\t\t\t<img loading=\"lazy\" decoding=\"async\" src=\"https:\/\/empresarial.ufm.edu\/frealmadrid\/wp-content\/uploads\/2023\/09\/conexion.jpg\" alt=\"conexion\" itemprop=\"image\" height=\"667\" width=\"640\" title=\"conexion\" onerror=\"this.style.display='none'\"  \/>\n\t\t\t\t<img loading=\"lazy\" decoding=\"async\" src=\"https:\/\/empresarial.ufm.edu\/frealmadrid\/wp-content\/uploads\/2023\/09\/oneday.jpg\" alt=\"oneday\" itemprop=\"image\" height=\"100\" width=\"100\" title=\"oneday\" onerror=\"this.style.display='none'\"  \/>\n<h4>\n\t\t3. ONEDAY\n\t<\/h4>\n<h2>\n\t\tCONEXI\u00d3N CON INICIATIVAS DE LA COMPA\u00d1\u00cdA\u200b\n\t<\/h2>\n\t<p>El programa ONEDAY encaja perfectamente en\u00a0diferentes pol\u00edticas e iniciativas de las compa\u00f1\u00edas\u00a0hacia sus equipos, as\u00ed como otros\u00a0<i>stakeholders<\/i>:\u200b<\/p>\n<ul>\n<li aria-level=\"1\">Programa de habilidades\u200b<\/li>\n<li aria-level=\"1\">Programa de valores\u200b<\/li>\n<li aria-level=\"1\">M\u00f3dulo inicial\/final de cualquier programa que\u00a0realice la empresa\u00a0\u200b<\/li>\n<li aria-level=\"1\">Programa de captaci\u00f3n de talento joven \u200b<\/li>\n<li aria-level=\"1\">Programas de incentivos\u200b<\/li>\n<li aria-level=\"1\">Programas de fidelizaci\u00f3n de clientes\u200b<\/li>\n<li aria-level=\"1\">Iniciativas de RSC\u200b<\/li>\n<\/ul>\n\t\t\t\t<img loading=\"lazy\" decoding=\"async\" src=\"https:\/\/empresarial.ufm.edu\/frealmadrid\/wp-content\/uploads\/2023\/09\/UNIVERSIDAD-FRANCISCO-MARROQUIN-UFM-CAMPUS-MADRID-FUNDACION-REAL-MADRID-22.jpg\" alt=\"UNIVERSIDAD-FRANCISCO-MARROQUIN-UFM-CAMPUS-MADRID-FUNDACION-REAL-MADRID-22\" itemprop=\"image\" height=\"219\" width=\"960\" title=\"UNIVERSIDAD-FRANCISCO-MARROQUIN-UFM-CAMPUS-MADRID-FUNDACION-REAL-MADRID-22\" onerror=\"this.style.display='none'\"  \/>\n\t\t\t\t<img loading=\"lazy\" decoding=\"async\" src=\"https:\/\/empresarial.ufm.edu\/frealmadrid\/wp-content\/uploads\/2023\/09\/oneday.png\" alt=\"oneday\" itemprop=\"image\" height=\"100\" width=\"100\" title=\"oneday\" onerror=\"this.style.display='none'\"  \/>\n<h4>\n\t\t4. ONEDAY\n\t<\/h4>\n<h2>\n\t\tBENEFICIOS\n\t<\/h2>\n\t<p>Integrar el deporte en la cultura de su empresa puede ser la estrategia que necesita para impulsar el rendimiento, el compromiso, el\u00a0liderazgo, el trabajo en equipo, los valores culturales, la comunicaci\u00f3n, la inteligencia emocional, la gesti\u00f3n de conflictos y la cohesi\u00f3n del\u00a0equipo. No se trata solo de promover la salud f\u00edsica, sino tambi\u00e9n de fortalecer la salud emocional y mental, lo que contribuye a construir un equipo s\u00f3lido y resiliente.<\/p>\n\t\t\t\t<img loading=\"lazy\" decoding=\"async\" src=\"https:\/\/empresarial.ufm.edu\/frealmadrid\/wp-content\/uploads\/2023\/09\/UNIVERSIDAD-FRANCISCO-MARROQUIN-UFM-CAMPUS-MADRID-FUNDACION-REAL-MADRID-9.jpg\" alt=\"UNIVERSIDAD-FRANCISCO-MARROQUIN-UFM-CAMPUS-MADRID-FUNDACION-REAL-MADRID-9\" itemprop=\"image\" height=\"581\" width=\"1000\" title=\"UNIVERSIDAD-FRANCISCO-MARROQUIN-UFM-CAMPUS-MADRID-FUNDACION-REAL-MADRID-9\" onerror=\"this.style.display='none'\"  \/>\n\t\t\t\t<img loading=\"lazy\" decoding=\"async\" src=\"https:\/\/empresarial.ufm.edu\/frealmadrid\/wp-content\/uploads\/2023\/09\/oneday.jpg\" alt=\"oneday\" itemprop=\"image\" height=\"100\" width=\"100\" title=\"oneday\" onerror=\"this.style.display='none'\"  \/>\n<h4>\n\t\t5. ONEDAY\n\t<\/h4>\n<h2>\n\t\tPERSONALIZACI\u00d3N\n\t<\/h2>\n\t\t\t\t<img loading=\"lazy\" decoding=\"async\" src=\"https:\/\/empresarial.ufm.edu\/frealmadrid\/wp-content\/uploads\/2023\/09\/ejes-1-288x300.jpg\" alt=\"ejes\" itemprop=\"image\" height=\"300\" width=\"288\" title=\"ejes\" onerror=\"this.style.display='none'\"  \/>\n<h2>\n\t\t3 ejes de personalizaci\u00f3n para una experiencia memorable\u200b\n\t<\/h2>\n\t Objetivos de compa\u00f1\u00eda\u200b<br \/>\nAdaptaci\u00f3n al colectivo\u200b<br \/>\nCompetencias a trabajar\n<h4>\n\t\t1. CONEXI\u00d3N CON LA INICIATIVA\u200b\n\t<\/h4>\n\t<p>En funci\u00f3n de la conexi\u00f3n del ONEDAY con la\u00a0iniciativa interna, se personalizar\u00e1 y conectar\u00e1\u00a0con los requerimientos internos.\u200b<\/p>\n<p>Es clave, durante el dise\u00f1o del proyecto,\u00a0escuchar\u00a0y personalizar el programa ONEDAY en\u00a0funci\u00f3n de:\u200b<\/p>\n<p>&#8211; el contexto\u200b.<\/p>\n<p>&#8211; los objetivos que se persiguen con el \u00e1rea de\u00a0direcci\u00f3n de personas o el promotor de la\u00a0iniciativa.\u200b<\/p>\n<p>&#8211; historia y acciones previas realizadas\u200b.<\/p>\n\t\t\t\t<img loading=\"lazy\" decoding=\"async\" src=\"https:\/\/empresarial.ufm.edu\/frealmadrid\/wp-content\/uploads\/2023\/09\/UNIVERSIDAD-FRANCISCO-MARROQUIN-UFM-CAMPUS-MADRID-FUNDACION-REAL-MADRID-5-300x200.jpg\" alt=\"UNIVERSIDAD-FRANCISCO-MARROQUIN-UFM-CAMPUS-MADRID-FUNDACION-REAL-MADRID-5\" itemprop=\"image\" height=\"200\" width=\"300\" title=\"UNIVERSIDAD-FRANCISCO-MARROQUIN-UFM-CAMPUS-MADRID-FUNDACION-REAL-MADRID-5\" onerror=\"this.style.display='none'\"  \/>\n<h4>\n\t\t2. ADAPTACI\u00d3N AL COLECTIVO\u200b\n\t<\/h4>\n\t<p>La pr\u00e1ctica y las din\u00e1micas del ONEDAY se\u00a0adaptar\u00e1n al perfil de los participantes:\u200b<\/p>\n<p>&#8211; perfil profesional\u200b<\/p>\n<p>&#8211; relaci\u00f3n-jerarqu\u00eda interna entre los\u00a0participantes\u200b<\/p>\n<p>&#8211; condiciones f\u00edsicas\u200b<\/p>\n\t\t\t\t<img loading=\"lazy\" decoding=\"async\" src=\"https:\/\/empresarial.ufm.edu\/frealmadrid\/wp-content\/uploads\/2023\/09\/UNIVERSIDAD-FRANCISCO-MARROQUIN-UFM-CAMPUS-MADRID-FUNDACION-REAL-MADRID-15-300x169.png\" alt=\"UNIVERSIDAD-FRANCISCO-MARROQUIN-UFM-CAMPUS-MADRID-FUNDACION-REAL-MADRID-15\" itemprop=\"image\" height=\"169\" width=\"300\" title=\"UNIVERSIDAD-FRANCISCO-MARROQUIN-UFM-CAMPUS-MADRID-FUNDACION-REAL-MADRID-15\" onerror=\"this.style.display='none'\"  \/>\n\t\t\t\t<img loading=\"lazy\" decoding=\"async\" src=\"https:\/\/empresarial.ufm.edu\/frealmadrid\/wp-content\/uploads\/2023\/09\/UNIVERSIDAD-FRANCISCO-MARROQUIN-UFM-CAMPUS-MADRID-FUNDACION-REAL-MADRID-12-300x204.jpg\" alt=\"UNIVERSIDAD-FRANCISCO-MARROQUIN-UFM-CAMPUS-MADRID-FUNDACION-REAL-MADRID-12\" itemprop=\"image\" height=\"204\" width=\"300\" title=\"UNIVERSIDAD-FRANCISCO-MARROQUIN-UFM-CAMPUS-MADRID-FUNDACION-REAL-MADRID-12\" onerror=\"this.style.display='none'\"  \/>\n<h4>\n\t\t3. COMPETENCIAS EN LAS QUE SE DEBE TRABAJAR\u200b\n\t<\/h4>\n\t<p>Las competencias esenciales que se trabajan de\u00a0manera grupal, con una metodolog\u00eda pr\u00e1ctica y\u00a0experiencial, tanto en el terreno de juego como en el\u00a0aula, habitualmente son:\u200b<\/p>\n&#8211; liderazgo\u200b<br \/>\n&#8211;\u00a0comunicaci\u00f3n\u200b<br \/>\n&#8211; trabajo en equipo\u200b<br \/>\n&#8211; toma de decisiones\u200b<br \/>\n&#8211; resiliencia y gesti\u00f3n del tiempo\u200b<br \/>\n&#8211; estrategia y planificaci\u00f3n\u200b<br \/>\n&#8211; inteligencia emocional\u200b<br \/>\n&#8211; gesti\u00f3n de conflictos\u200b\n<p>Adicionalmente, al realizarse en un terreno de juego,\u00a0surgir\u00e1n comportamientos relacionados con:\u200b<\/p>\n&#8211; capacidad de adaptaci\u00f3n\u200b<br \/>\n&#8211; esp\u00edritu de sacrificio y superaci\u00f3n\u200b<br \/>\n&#8211; constancia\u200b<br \/>\n&#8211; respeto\u00a0\n\n","protected":false},"excerpt":{"rendered":"<p>ONEDAY Valores deportivos aplicados al mundo empresarial ONEDAY VALORES C\u00f3mo trabajamos\u00a0los valores en el\u00a0terreno de juego.\u200b PROGRAMA Agenda de las\u00a0diferentes\u00a0actividades. ONEDAY EN LA EMPRESA \u00bfD\u00f3nde conecta\u00a0el ONEDAY con\u00a0las iniciativas\u00a0internas?\u200b BENEFICIOS \u00bfQu\u00e9 obtenemos\u00a0del ONEDAY?\u200b PERSONALIZACI\u00d3N Adapta el\u00a0ONEDAY a tu\u00a0realidad 1. ONEDAY VALORES Refuerzo de la \u00e9tica laboral:\u00a0Incorporar los valores intr\u00ednsecos del deporte en la cultura de&hellip;<\/p>\n","protected":false},"author":1,"featured_media":0,"parent":0,"menu_order":0,"comment_status":"closed","ping_status":"closed","template":"","meta":{"footnotes":""},"class_list":["post-63","page","type-page","status-publish","hentry"],"yoast_head":"<!-- This site is optimized with the Yoast SEO plugin v21.3 - https:\/\/yoast.com\/wordpress\/plugins\/seo\/ -->\n<title>Oneday - Fundaci\u00f3n Realmadrid<\/title>\n<meta name=\"robots\" content=\"index, follow, max-snippet:-1, max-image-preview:large, max-video-preview:-1\" \/>\n<link rel=\"canonical\" href=\"https:\/\/empresarial.ufm.edu\/frealmadrid\/oneday\/\" \/>\n<meta property=\"og:locale\" content=\"es_ES\" \/>\n<meta property=\"og:type\" content=\"article\" \/>\n<meta property=\"og:title\" content=\"Oneday - Fundaci\u00f3n Realmadrid\" \/>\n<meta property=\"og:description\" content=\"ONEDAY Valores deportivos aplicados al mundo empresarial ONEDAY VALORES C\u00f3mo trabajamos\u00a0los valores en el\u00a0terreno de juego.\u200b PROGRAMA Agenda de las\u00a0diferentes\u00a0actividades. ONEDAY EN LA EMPRESA \u00bfD\u00f3nde conecta\u00a0el ONEDAY con\u00a0las iniciativas\u00a0internas?\u200b BENEFICIOS \u00bfQu\u00e9 obtenemos\u00a0del ONEDAY?\u200b PERSONALIZACI\u00d3N Adapta el\u00a0ONEDAY a tu\u00a0realidad 1. ONEDAY VALORES Refuerzo de la \u00e9tica laboral:\u00a0Incorporar los valores intr\u00ednsecos del deporte en la cultura de&hellip;\" \/>\n<meta property=\"og:url\" content=\"https:\/\/empresarial.ufm.edu\/frealmadrid\/oneday\/\" \/>\n<meta property=\"og:site_name\" content=\"Fundaci\u00f3n Realmadrid\" \/>\n<meta property=\"article:modified_time\" content=\"2023-10-10T21:41:14+00:00\" \/>\n<meta property=\"og:image\" content=\"https:\/\/empresarial.ufm.edu\/frealmadrid\/wp-content\/uploads\/2023\/09\/valores.jpg\" \/>\n<meta name=\"twitter:card\" content=\"summary_large_image\" \/>\n<meta name=\"twitter:label1\" content=\"Tiempo de lectura\" \/>\n\t<meta name=\"twitter:data1\" content=\"4 minutos\" \/>\n<script type=\"application\/ld+json\" class=\"yoast-schema-graph\">{\"@context\":\"https:\/\/schema.org\",\"@graph\":[{\"@type\":\"WebPage\",\"@id\":\"https:\/\/empresarial.ufm.edu\/frealmadrid\/oneday\/\",\"url\":\"https:\/\/empresarial.ufm.edu\/frealmadrid\/oneday\/\",\"name\":\"Oneday - Fundaci\u00f3n Realmadrid\",\"isPartOf\":{\"@id\":\"https:\/\/empresarial.ufm.edu\/frealmadrid\/#website\"},\"datePublished\":\"2023-09-22T21:14:00+00:00\",\"dateModified\":\"2023-10-10T21:41:14+00:00\",\"breadcrumb\":{\"@id\":\"https:\/\/empresarial.ufm.edu\/frealmadrid\/oneday\/#breadcrumb\"},\"inLanguage\":\"es\",\"potentialAction\":[{\"@type\":\"ReadAction\",\"target\":[\"https:\/\/empresarial.ufm.edu\/frealmadrid\/oneday\/\"]}]},{\"@type\":\"BreadcrumbList\",\"@id\":\"https:\/\/empresarial.ufm.edu\/frealmadrid\/oneday\/#breadcrumb\",\"itemListElement\":[{\"@type\":\"ListItem\",\"position\":1,\"name\":\"Portada\",\"item\":\"https:\/\/empresarial.ufm.edu\/frealmadrid\/\"},{\"@type\":\"ListItem\",\"position\":2,\"name\":\"Oneday\"}]},{\"@type\":\"WebSite\",\"@id\":\"https:\/\/empresarial.ufm.edu\/frealmadrid\/#website\",\"url\":\"https:\/\/empresarial.ufm.edu\/frealmadrid\/\",\"name\":\"Universidad Francisco Marroqu\u00edn y Fundaci\u00f3n Real Madrid\",\"description\":\"\",\"publisher\":{\"@id\":\"https:\/\/empresarial.ufm.edu\/frealmadrid\/#organization\"},\"alternateName\":\"Universidad Francisco Marroqu\u00edn y Fundaci\u00f3n Real Madrid\",\"potentialAction\":[{\"@type\":\"SearchAction\",\"target\":{\"@type\":\"EntryPoint\",\"urlTemplate\":\"https:\/\/empresarial.ufm.edu\/frealmadrid\/?s={search_term_string}\"},\"query-input\":\"required name=search_term_string\"}],\"inLanguage\":\"es\"},{\"@type\":\"Organization\",\"@id\":\"https:\/\/empresarial.ufm.edu\/frealmadrid\/#organization\",\"name\":\"Universidad Francisco Marroqu\u00edn y Fundaci\u00f3n Real Madrid\",\"url\":\"https:\/\/empresarial.ufm.edu\/frealmadrid\/\",\"logo\":{\"@type\":\"ImageObject\",\"inLanguage\":\"es\",\"@id\":\"https:\/\/empresarial.ufm.edu\/frealmadrid\/#\/schema\/logo\/image\/\",\"url\":\"https:\/\/empresarial.ufm.edu\/frealmadrid\/wp-content\/uploads\/2023\/10\/logo-ufm-frealmadrid-redes-200x200-1.png\",\"contentUrl\":\"https:\/\/empresarial.ufm.edu\/frealmadrid\/wp-content\/uploads\/2023\/10\/logo-ufm-frealmadrid-redes-200x200-1.png\",\"width\":200,\"height\":200,\"caption\":\"Universidad Francisco Marroqu\u00edn y Fundaci\u00f3n Real Madrid\"},\"image\":{\"@id\":\"https:\/\/empresarial.ufm.edu\/frealmadrid\/#\/schema\/logo\/image\/\"}}]}<\/script>\n<!-- \/ Yoast SEO plugin. -->","yoast_head_json":{"title":"Oneday - Fundaci\u00f3n Realmadrid","robots":{"index":"index","follow":"follow","max-snippet":"max-snippet:-1","max-image-preview":"max-image-preview:large","max-video-preview":"max-video-preview:-1"},"canonical":"https:\/\/empresarial.ufm.edu\/frealmadrid\/oneday\/","og_locale":"es_ES","og_type":"article","og_title":"Oneday - Fundaci\u00f3n Realmadrid","og_description":"ONEDAY Valores deportivos aplicados al mundo empresarial ONEDAY VALORES C\u00f3mo trabajamos\u00a0los valores en el\u00a0terreno de juego.\u200b PROGRAMA Agenda de las\u00a0diferentes\u00a0actividades. ONEDAY EN LA EMPRESA \u00bfD\u00f3nde conecta\u00a0el ONEDAY con\u00a0las iniciativas\u00a0internas?\u200b BENEFICIOS \u00bfQu\u00e9 obtenemos\u00a0del ONEDAY?\u200b PERSONALIZACI\u00d3N Adapta el\u00a0ONEDAY a tu\u00a0realidad 1. ONEDAY VALORES Refuerzo de la \u00e9tica laboral:\u00a0Incorporar los valores intr\u00ednsecos del deporte en la cultura de&hellip;","og_url":"https:\/\/empresarial.ufm.edu\/frealmadrid\/oneday\/","og_site_name":"Fundaci\u00f3n Realmadrid","article_modified_time":"2023-10-10T21:41:14+00:00","og_image":[{"url":"https:\/\/empresarial.ufm.edu\/frealmadrid\/wp-content\/uploads\/2023\/09\/valores.jpg"}],"twitter_card":"summary_large_image","twitter_misc":{"Tiempo de lectura":"4 minutos"},"schema":{"@context":"https:\/\/schema.org","@graph":[{"@type":"WebPage","@id":"https:\/\/empresarial.ufm.edu\/frealmadrid\/oneday\/","url":"https:\/\/empresarial.ufm.edu\/frealmadrid\/oneday\/","name":"Oneday - Fundaci\u00f3n Realmadrid","isPartOf":{"@id":"https:\/\/empresarial.ufm.edu\/frealmadrid\/#website"},"datePublished":"2023-09-22T21:14:00+00:00","dateModified":"2023-10-10T21:41:14+00:00","breadcrumb":{"@id":"https:\/\/empresarial.ufm.edu\/frealmadrid\/oneday\/#breadcrumb"},"inLanguage":"es","potentialAction":[{"@type":"ReadAction","target":["https:\/\/empresarial.ufm.edu\/frealmadrid\/oneday\/"]}]},{"@type":"BreadcrumbList","@id":"https:\/\/empresarial.ufm.edu\/frealmadrid\/oneday\/#breadcrumb","itemListElement":[{"@type":"ListItem","position":1,"name":"Portada","item":"https:\/\/empresarial.ufm.edu\/frealmadrid\/"},{"@type":"ListItem","position":2,"name":"Oneday"}]},{"@type":"WebSite","@id":"https:\/\/empresarial.ufm.edu\/frealmadrid\/#website","url":"https:\/\/empresarial.ufm.edu\/frealmadrid\/","name":"Universidad Francisco Marroqu\u00edn y Fundaci\u00f3n Real Madrid","description":"","publisher":{"@id":"https:\/\/empresarial.ufm.edu\/frealmadrid\/#organization"},"alternateName":"Universidad Francisco Marroqu\u00edn y Fundaci\u00f3n Real Madrid","potentialAction":[{"@type":"SearchAction","target":{"@type":"EntryPoint","urlTemplate":"https:\/\/empresarial.ufm.edu\/frealmadrid\/?s={search_term_string}"},"query-input":"required name=search_term_string"}],"inLanguage":"es"},{"@type":"Organization","@id":"https:\/\/empresarial.ufm.edu\/frealmadrid\/#organization","name":"Universidad Francisco Marroqu\u00edn y Fundaci\u00f3n Real Madrid","url":"https:\/\/empresarial.ufm.edu\/frealmadrid\/","logo":{"@type":"ImageObject","inLanguage":"es","@id":"https:\/\/empresarial.ufm.edu\/frealmadrid\/#\/schema\/logo\/image\/","url":"https:\/\/empresarial.ufm.edu\/frealmadrid\/wp-content\/uploads\/2023\/10\/logo-ufm-frealmadrid-redes-200x200-1.png","contentUrl":"https:\/\/empresarial.ufm.edu\/frealmadrid\/wp-content\/uploads\/2023\/10\/logo-ufm-frealmadrid-redes-200x200-1.png","width":200,"height":200,"caption":"Universidad Francisco Marroqu\u00edn y Fundaci\u00f3n Real Madrid"},"image":{"@id":"https:\/\/empresarial.ufm.edu\/frealmadrid\/#\/schema\/logo\/image\/"}}]}},"_links":{"self":[{"href":"https:\/\/empresarial.ufm.edu\/frealmadrid\/wp-json\/wp\/v2\/pages\/63","targetHints":{"allow":["GET"]}}],"collection":[{"href":"https:\/\/empresarial.ufm.edu\/frealmadrid\/wp-json\/wp\/v2\/pages"}],"about":[{"href":"https:\/\/empresarial.ufm.edu\/frealmadrid\/wp-json\/wp\/v2\/types\/page"}],"author":[{"embeddable":true,"href":"https:\/\/empresarial.ufm.edu\/frealmadrid\/wp-json\/wp\/v2\/users\/1"}],"replies":[{"embeddable":true,"href":"https:\/\/empresarial.ufm.edu\/frealmadrid\/wp-json\/wp\/v2\/comments?post=63"}],"version-history":[{"count":40,"href":"https:\/\/empresarial.ufm.edu\/frealmadrid\/wp-json\/wp\/v2\/pages\/63\/revisions"}],"predecessor-version":[{"id":254,"href":"https:\/\/empresarial.ufm.edu\/frealmadrid\/wp-json\/wp\/v2\/pages\/63\/revisions\/254"}],"wp:attachment":[{"href":"https:\/\/empresarial.ufm.edu\/frealmadrid\/wp-json\/wp\/v2\/media?parent=63"}],"curies":[{"name":"wp","href":"https:\/\/api.w.org\/{rel}","templated":true}]}}